{"id":51,"date":"2024-06-24T10:45:49","date_gmt":"2024-06-24T08:45:49","guid":{"rendered":"http:\/\/festivaleljem.tn\/index.php\/althea-wp\/"},"modified":"2025-06-16T22:25:06","modified_gmt":"2025-06-16T20:25:06","slug":"althea-wp","status":"publish","type":"page","link":"https:\/\/festivaleljem.tn\/","title":{"rendered":"Front Page"},"content":{"rendered":"<div data-colibri-id=\"51-c1\" class=\"style-321 style-local-51-c1 position-relative\">\n  <!---->\n  <div data-colibri-component=\"section\" data-colibri-id=\"51-c2\" id=\"overlappable\" class=\"h-section h-section-global-spacing d-flex align-items-lg-start align-items-md-start align-items-start style-322 style-local-51-c2 position-relative\">\n    <!---->\n    <!---->\n    <div class=\"h-section-grid-container h-section-boxed-container\">\n      <!---->\n      <div data-colibri-id=\"51-c3\" class=\"h-row-container gutters-row-lg-3 gutters-row-md-3 gutters-row-2 gutters-row-v-lg-3 gutters-row-v-md-3 gutters-row-v-3 style-323 style-local-51-c3 position-relative\">\n        <!---->\n        <div class=\"h-row justify-content-lg-center justify-content-md-center justify-content-center align-items-lg-stretch align-items-md-stretch align-items-stretch gutters-col-lg-3 gutters-col-md-3 gutters-col-2 gutters-col-v-lg-3 gutters-col-v-md-3 gutters-col-v-3\">\n          <!---->\n          <div class=\"h-column h-column-container d-flex h-col-lg-4 h-col-md-4 h-col-12 style-324-outer style-local-51-c4-outer\">\n            <div data-colibri-id=\"51-c4\" class=\"d-flex h-flex-basis h-column__inner h-px-lg-3 h-px-md-3 h-px-3 v-inner-lg-3 v-inner-md-3 v-inner-3 style-324 style-local-51-c4 position-relative\">\n              <!---->\n              <!---->\n              <div class=\"w-100 h-y-container h-column__content h-column__v-align flex-basis-100 align-self-lg-start align-self-md-start align-self-start\">\n                <!---->\n                <div data-colibri-id=\"51-c5\" class=\"h-icon style-328 style-local-51-c5 position-relative h-element\">\n                  <!---->\n                  <a href=\"https:\/\/festivaleljem.tn\/index.php\/accueil\/\" h-use-smooth-scroll=\"true\"><span class=\"h-svg-icon h-icon__icon style-328-icon style-local-51-c5-icon\"><!--Icon by Font Awesome (https:\/\/fontawesome.com)-->\n    <svg version=\"1.1\" xmlns=\"http:\/\/www.w3.org\/2000\/svg\" xmlns:xlink=\"http:\/\/www.w3.org\/1999\/xlink\" id=\"music\" viewBox=\"0 0 1536 1896.0833\">\n      <path d=\"M1536 224v1120q0 50-34 89t-86 60.5-103.5 32-96.5 10.5-96.5-10.5-103.5-32-86-60.5-34-89 34-89 86-60.5 103.5-32 96.5-10.5q105 0 192 39V654L640 891v709q0 50-34 89t-86 60.5-103.5 32T320 1792t-96.5-10.5-103.5-32-86-60.5-34-89 34-89 86-60.5 103.5-32T320 1408q105 0 192 39V480q0-31 19-56.5t49-35.5l832-256q12-4 28-4 40 0 68 28t28 68z\"><\/path>\n    <\/svg><\/span><\/a>\n                <\/div>\n                <div data-colibri-id=\"51-c6\" class=\"h-global-transition-all h-heading style-326 style-local-51-c6 position-relative h-element\">\n                  <!---->\n                  <div class=\"h-heading__outer style-326 style-local-51-c6\">\n                    <!---->\n                    <!---->\n                    <a href=\"https:\/\/festivaleljem.tn\/index.php\/accueil\/\" h-use-smooth-scroll=\"true\">\n                      <h4 class=\"\">Pr\u00e9sentation du festival<\/h4>\n                    <\/a>\n                  <\/div>\n                <\/div>\n                <div data-colibri-id=\"51-c7\" class=\"h-text h-text-component style-329 style-local-51-c7 position-relative h-element\">\n                  <!---->\n                  <!---->\n                  <div class=\"\">\n                    <p>Apprenez a mieux connaitre le festival ainsi que la visite d&rsquo;Elejm<\/p>\n                  <\/div>\n                <\/div>\n              <\/div>\n            <\/div>\n          <\/div>\n          <div class=\"h-column h-column-container d-flex h-col-lg-4 h-col-md-4 h-col-12 style-324-outer style-local-51-c8-outer\">\n            <div data-colibri-id=\"51-c8\" class=\"d-flex h-flex-basis h-column__inner h-px-lg-3 h-px-md-3 h-px-3 v-inner-lg-3 v-inner-md-3 v-inner-3 style-324 style-local-51-c8 position-relative\">\n              <!---->\n              <!---->\n              <div class=\"w-100 h-y-container h-column__content h-column__v-align flex-basis-100 align-self-lg-start align-self-md-start align-self-start\">\n                <!---->\n                <div data-colibri-id=\"51-c9\" class=\"h-icon style-330 style-local-51-c9 position-relative h-element\">\n                  <!---->\n                  <a href=\"https:\/\/festivaleljem.tn\/index.php\/infos-utiles\/\" h-use-smooth-scroll=\"true\"><span class=\"h-svg-icon h-icon__icon style-330-icon style-local-51-c9-icon\"><!--Icon by Font Awesome (https:\/\/fontawesome.com)-->\n    <svg version=\"1.1\" xmlns=\"http:\/\/www.w3.org\/2000\/svg\" xmlns:xlink=\"http:\/\/www.w3.org\/1999\/xlink\" id=\"file-o\" viewBox=\"0 0 1611.2499 1896.0833\">\n      <path d=\"M1468 380q28 28 48 76t20 88v1152q0 40-28 68t-68 28H96q-40 0-68-28t-28-68V96q0-40 28-68T96 0h896q40 0 88 20t76 48zm-444-244v376h376q-10-29-22-41l-313-313q-12-12-41-22zm384 1528V640H992q-40 0-68-28t-28-68V128H128v1536h1280z\"><\/path>\n    <\/svg><\/span><\/a>\n                <\/div>\n                <div data-colibri-id=\"51-c10\" class=\"h-global-transition-all h-heading style-326 style-local-51-c10 position-relative h-element\">\n                  <!---->\n                  <div class=\"h-heading__outer style-326 style-local-51-c10\">\n                    <!---->\n                    <!---->\n                    <a href=\"https:\/\/festivaleljem.tn\/index.php\/infos-utiles\/\" h-use-smooth-scroll=\"true\">\n                      <h4 class=\"\">Information Utiles<\/h4>\n                    <\/a>\n                  <\/div>\n                <\/div>\n                <div data-colibri-id=\"51-c11\" class=\"h-text h-text-component style-329 style-local-51-c11 position-relative h-element\">\n                  <!---->\n                  <!---->\n                  <div class=\"\">\n                    <p>D\u00e9couvrez nos points de vente, le transport et les excursions organis\u00e9es pour assister aux concerts&nbsp;&nbsp;<\/p>\n                  <\/div>\n                <\/div>\n              <\/div>\n            <\/div>\n          <\/div>\n        <\/div>\n      <\/div>\n    <\/div>\n  <\/div>\n  <div data-colibri-component=\"section\" data-colibri-id=\"51-c12\" id=\"about\" class=\"h-section h-section-global-spacing d-flex align-items-lg-center align-items-md-center align-items-center style-331 style-local-51-c12 position-relative\">\n    <!---->\n    <!---->\n    <div class=\"h-section-grid-container h-section-boxed-container\">\n      <!---->\n      <div data-colibri-id=\"51-c13\" class=\"h-row-container gutters-row-lg-0 gutters-row-md-0 gutters-row-0 gutters-row-v-lg-0 gutters-row-v-md-0 gutters-row-v-0 style-332 style-local-51-c13 position-relative\">\n        <!---->\n        <div class=\"h-row justify-content-lg-center justify-content-md-center justify-content-center align-items-lg-stretch align-items-md-stretch align-items-stretch gutters-col-lg-0 gutters-col-md-0 gutters-col-0 gutters-col-v-lg-0 gutters-col-v-md-0 gutters-col-v-0\">\n          <!---->\n          <div class=\"h-column h-column-container d-flex h-col-lg-auto h-col-md-auto h-col-auto style-333-outer style-local-51-c14-outer\">\n            <div data-colibri-id=\"51-c14\" class=\"d-flex h-flex-basis h-column__inner h-ui-empty-state-container h-px-lg-0 h-px-md-0 h-px-0 v-inner-lg-0 v-inner-md-0 v-inner-0 style-333 style-local-51-c14 position-relative\">\n              <!---->\n              <!---->\n              <div class=\"w-100 h-y-container h-column__content h-column__v-align flex-basis-100\">\n                <!---->\n              <\/div>\n            <\/div>\n          <\/div>\n          <div class=\"h-column h-column-container d-flex h-col-lg-auto h-col-md-auto h-col-auto style-334-outer style-local-51-c15-outer\">\n            <div data-colibri-id=\"51-c15\" class=\"d-flex h-flex-basis h-column__inner h-ui-empty-state-container h-px-lg-2 h-px-md-2 h-px-0 v-inner-lg-2 v-inner-md-2 v-inner-0 style-334 style-local-51-c15 position-relative\">\n              <!---->\n              <!---->\n              <div class=\"w-100 h-y-container h-column__content h-column__v-align flex-basis-100\">\n                <!---->\n              <\/div>\n            <\/div>\n          <\/div>\n          <div class=\"h-column h-column-container d-flex h-col-lg-auto h-col-md-auto h-col-auto style-335-outer style-local-51-c16-outer\">\n            <div data-colibri-id=\"51-c16\" class=\"d-flex h-flex-basis h-column__inner h-px-lg-3 h-px-md-3 h-px-3 v-inner-lg-3 v-inner-md-3 v-inner-3 style-335 style-local-51-c16 position-relative\">\n              <!---->\n              <!---->\n              <div class=\"w-100 h-y-container h-column__content h-column__v-align flex-basis-100 align-self-lg-center align-self-md-center align-self-center\">\n                <!---->\n                <div data-colibri-id=\"51-c17\" class=\"h-global-transition-all h-heading style-336 style-local-51-c17 position-relative h-element\">\n                  <!---->\n                  <div class=\"h-heading__outer style-336 style-local-51-c17\">\n                    <!---->\n                    <!---->\n                    <h5 class=\"\">About us<\/h5>\n                  <\/div>\n                <\/div>\n                <div data-colibri-id=\"51-c18\" class=\"h-global-transition-all h-heading style-337 style-local-51-c18 position-relative h-element\">\n                  <!---->\n                  <div class=\"h-heading__outer style-337 style-local-51-c18\">\n                    <!---->\n                    <!---->\n                    <h2 class=\"\">Le festival<\/h2>\n                  <\/div>\n                <\/div>\n                <div data-colibri-id=\"51-c19\" class=\"h-text h-text-component style-338 style-local-51-c19 position-relative h-element\">\n                  <!---->\n                  <!---->\n                  <div class=\"\">\n                    <p><span style=\"font-weight: 400; font-size: 14px; font-family: Raleway, sans-serif; color: rgb(77, 80, 81);\">Le Festival International de Musique symphonique d\u2019Eljem fond\u00e9 par Mr&nbsp;<\/span><strong style=\"font-size: 14px; font-family: Raleway, sans-serif; color: rgb(77, 80, 81);\">Mohamed Ennaceur<\/strong>\n                      <span\n                        style=\"font-size: 14px; font-family: Raleway, sans-serif; color: rgb(77, 80, 81); font-weight: 400;\">, ancien maire d\u2019Eljem, ancien ministre et actuellement Pr\u00e9sident d\u2019honneur et Pr\u00e9sident du Parlement Tunisien, a d\u00e9but\u00e9 en 1986.&nbsp;<\/span>\n                    <\/p>\n                  <\/div>\n                <\/div>\n                <div data-colibri-id=\"51-c20\" class=\"h-x-container style-339 style-local-51-c20 position-relative h-element\">\n                  <!---->\n                  <div class=\"h-x-container-inner style-dynamic-51-c20-group style-339-spacing style-local-51-c20-spacing\"><span class=\"h-button__outer style-340-outer style-local-51-c21-outer d-inline-flex h-element\"><a h-use-smooth-scroll=\"true\" href=\"http:\/\/festivaleljem.tn\/index.php\/accueil\/?customize_changeset_uuid=f55bd4af-0142-4486-84e0-4ad1b6c208ae\"  data-colibri-id=\"51-c21\" class=\"d-flex w-100 align-items-center h-button justify-content-lg-center justify-content-md-center justify-content-center style-340 style-local-51-c21 position-relative\"><!----><!----> <span>Lire&nbsp;la&nbsp;suite<\/span><\/a>\n                    <\/span>\n                  <\/div>\n                <\/div>\n              <\/div>\n            <\/div>\n          <\/div>\n        <\/div>\n      <\/div>\n    <\/div>\n  <\/div>\n  <div data-colibri-component=\"section\" data-colibri-id=\"51-c22\" id=\"custom\" class=\"h-section h-section-global-spacing d-flex align-items-lg-center align-items-md-center align-items-center style-645 style-local-51-c22 position-relative\">\n    <!---->\n    <!---->\n    <div class=\"h-section-grid-container h-section-boxed-container\">\n      <!---->\n      <div data-colibri-id=\"51-c23\" class=\"h-row-container gutters-row-lg-2 gutters-row-md-2 gutters-row-0 gutters-row-v-lg-2 gutters-row-v-md-2 gutters-row-v-2 style-646 style-local-51-c23 position-relative\">\n        <!---->\n        <div class=\"h-row justify-content-lg-center justify-content-md-center justify-content-center align-items-lg-stretch align-items-md-stretch align-items-stretch gutters-col-lg-2 gutters-col-md-2 gutters-col-0 gutters-col-v-lg-2 gutters-col-v-md-2 gutters-col-v-2\">\n          <!---->\n          <div class=\"h-column h-column-container d-flex h-col-lg-auto h-col-md-auto h-col-auto style-647-outer style-local-51-c24-outer\">\n            <div data-colibri-id=\"51-c24\" class=\"d-flex h-flex-basis h-column__inner h-px-lg-2 h-px-md-2 h-px-2 v-inner-lg-2 v-inner-md-2 v-inner-2 style-647 style-local-51-c24 position-relative\">\n              <!---->\n              <!---->\n              <div class=\"w-100 h-y-container h-column__content h-column__v-align flex-basis-100 align-self-lg-start align-self-md-start align-self-start\">\n                <!---->\n                <div data-colibri-id=\"51-c25\" class=\"d-block style-649 style-local-51-c25 position-relative h-element\">\n                  <!---->\n                  <div class=\"h-image__frame-container-outer\">\n                    <div class=\"h-image__frame-container\">\n                      <!---->\n                      <!---->\n                      <img decoding=\"async\" width=\"1599\" height=\"1068\" data-src=\"http:\/\/festivaleljem.tn\/wp-content\/uploads\/2025\/05\/cropped-slider-web-eljem-2025-1600x1068-01-3.jpg\" class=\"wp-image-1253 style-649-image style-local-51-c25-image lazyload\" alt=\"\" data-srcset=\"https:\/\/festivaleljem.tn\/wp-content\/uploads\/2025\/05\/cropped-slider-web-eljem-2025-1600x1068-01-3.jpg 1599w, https:\/\/festivaleljem.tn\/wp-content\/uploads\/2025\/05\/cropped-slider-web-eljem-2025-1600x1068-01-3-300x200.jpg 300w, https:\/\/festivaleljem.tn\/wp-content\/uploads\/2025\/05\/cropped-slider-web-eljem-2025-1600x1068-01-3-1024x684.jpg 1024w, https:\/\/festivaleljem.tn\/wp-content\/uploads\/2025\/05\/cropped-slider-web-eljem-2025-1600x1068-01-3-768x513.jpg 768w, https:\/\/festivaleljem.tn\/wp-content\/uploads\/2025\/05\/cropped-slider-web-eljem-2025-1600x1068-01-3-1536x1026.jpg 1536w\" data-sizes=\"(max-width: 1599px) 100vw, 1599px\" src=\"data:image\/svg+xml;base64,PHN2ZyB3aWR0aD0iMSIgaGVpZ2h0PSIxIiB4bWxucz0iaHR0cDovL3d3dy53My5vcmcvMjAwMC9zdmciPjwvc3ZnPg==\" style=\"--smush-placeholder-width: 1599px; --smush-placeholder-aspect-ratio: 1599\/1068;\" \/>\n                      <div class=\"h-image__frame h-hide-lg h-hide-md h-hide-sm style-649-frameImage style-local-51-c25-frameImage\"><\/div>\n                    <\/div>\n                  <\/div>\n                <\/div>\n              <\/div>\n            <\/div>\n          <\/div>\n        <\/div>\n      <\/div>\n    <\/div>\n  <\/div>\n  <div data-colibri-component=\"section\" data-colibri-id=\"51-c26\" id=\"features\" class=\"h-section h-section-global-spacing d-flex align-items-lg-center align-items-md-center align-items-center style-341 style-local-51-c26 position-relative\">\n    <!---->\n    <!---->\n    <div class=\"h-section-grid-container h-section-boxed-container\">\n      <!---->\n      <div data-colibri-id=\"51-c27\" class=\"h-row-container gutters-row-lg-2 gutters-row-md-2 gutters-row-2 gutters-row-v-lg-2 gutters-row-v-md-2 gutters-row-v-2 style-342 style-local-51-c27 position-relative\">\n        <!---->\n        <div class=\"h-row justify-content-lg-center justify-content-md-center justify-content-center align-items-lg-stretch align-items-md-stretch align-items-stretch gutters-col-lg-2 gutters-col-md-2 gutters-col-2 gutters-col-v-lg-2 gutters-col-v-md-2 gutters-col-v-2\">\n          <!---->\n          <div class=\"h-column h-column-container d-flex h-col-lg-auto h-col-md-auto h-col-auto style-343-outer style-local-51-c28-outer\">\n            <div data-colibri-id=\"51-c28\" class=\"d-flex h-flex-basis h-column__inner h-px-lg-2 h-px-md-2 h-px-2 v-inner-lg-2 v-inner-md-2 v-inner-2 style-343 style-local-51-c28 position-relative\">\n              <!---->\n              <!---->\n              <div class=\"w-100 h-y-container h-column__content h-column__v-align flex-basis-100 align-self-lg-start align-self-md-start align-self-start\">\n                <!---->\n                <div data-colibri-id=\"51-c29\" class=\"h-global-transition-all h-heading style-344 style-local-51-c29 position-relative h-element\">\n                  <!---->\n                  <div class=\"h-heading__outer style-344 style-local-51-c29\">\n                    <!---->\n                    <!---->\n                    <h3 class=\"\">M\u00e9c\u00e8nat<\/h3>\n                  <\/div>\n                <\/div>\n                <div data-colibri-id=\"51-c30\" class=\"h-lead h-text h-text-component style-345 style-local-51-c30 position-relative h-element\">\n                  <!---->\n                  <!---->\n                  <div class=\"\">\n                    <p><span style=\"font-weight: 400; font-size: 14px; font-family: Raleway, sans-serif; color: rgb(77, 80, 81);\">La Fondation Arts &amp; Culture by UIB, m\u00e9c\u00e8ne principal du Festival International de Musique Symphonique d\u2019El Jem \u2013 depuis 2018 \u2013 a tenu avec la direction du Festival, une conf\u00e9rence de presse, le vendredi 21 juin 2024, \u00e0 l\u2019h\u00f4tel Concorde sis aux berges du Lac. Durant cette conf\u00e9rence, la programmation et les grandes lignes de la 37\u00e8me \u00e9dition ont \u00e9t\u00e9 d\u00e9voil\u00e9es aux nombreux m\u00e9dias qui y \u00e9taient pr\u00e9sents. C\u2019\u00e9tait l\u2019occasion, \u00e9galement, de passer en revue le partenariat qui unit le Festival avec son m\u00e9c\u00e8ne principal, La Fondation Arts &amp; Culture by UIB.<\/span><\/p>\n                  <\/div>\n                <\/div>\n              <\/div>\n            <\/div>\n          <\/div>\n          <div class=\"h-column h-column-container d-flex h-col-lg-auto h-col-md-auto h-col-auto style-508-outer style-local-51-c31-outer\">\n            <div data-colibri-id=\"51-c31\" class=\"d-flex h-flex-basis h-column__inner h-px-lg-2 h-px-md-2 h-px-2 v-inner-lg-2 v-inner-md-2 v-inner-2 style-508 style-local-51-c31 position-relative\">\n              <!---->\n              <!---->\n              <div class=\"w-100 h-y-container h-column__content h-column__v-align flex-basis-100 align-self-lg-start align-self-md-start align-self-start\">\n                <!---->\n                <div data-colibri-id=\"51-c32\" class=\"d-block style-509 style-local-51-c32 position-relative h-element\">\n                  <!---->\n                  <div class=\"h-image__frame-container-outer\">\n                    <div class=\"h-image__frame-container\">\n                      <!---->\n                      <!---->\n                      <img decoding=\"async\" width=\"797\" height=\"596\" data-src=\"http:\/\/festivaleljem.tn\/wp-content\/uploads\/2024\/06\/cropped-mecene-principale.jpg\" class=\"wp-image-323 style-509-image style-local-51-c32-image lazyload\" alt=\"\" data-srcset=\"https:\/\/festivaleljem.tn\/wp-content\/uploads\/2024\/06\/cropped-mecene-principale.jpg 797w, https:\/\/festivaleljem.tn\/wp-content\/uploads\/2024\/06\/cropped-mecene-principale-300x224.jpg 300w, https:\/\/festivaleljem.tn\/wp-content\/uploads\/2024\/06\/cropped-mecene-principale-768x574.jpg 768w\" data-sizes=\"(max-width: 797px) 100vw, 797px\" src=\"data:image\/svg+xml;base64,PHN2ZyB3aWR0aD0iMSIgaGVpZ2h0PSIxIiB4bWxucz0iaHR0cDovL3d3dy53My5vcmcvMjAwMC9zdmciPjwvc3ZnPg==\" style=\"--smush-placeholder-width: 797px; --smush-placeholder-aspect-ratio: 797\/596;\" \/>\n                      <div class=\"h-image__frame h-hide-lg h-hide-md h-hide-sm style-509-frameImage style-local-51-c32-frameImage\"><\/div>\n                    <\/div>\n                  <\/div>\n                <\/div>\n              <\/div>\n            <\/div>\n          <\/div>\n        <\/div>\n      <\/div>\n    <\/div>\n  <\/div>\n  <div data-colibri-component=\"section\" data-colibri-id=\"51-c33\" id=\"cta\" class=\"h-section h-section-global-spacing d-flex align-items-lg-center align-items-md-center align-items-center style-403 style-local-51-c33 position-relative\">\n    <div class=\"background-wrapper\">\n      <div class=\"background-layer background-layer-media-container-lg\">\n        <!---->\n        <div class=\"overlay-layer\">\n          <div class=\"overlay-image-layer\" style=\"background-color: rgb(23, 37, 42); opacity: 0.5;\"><\/div>\n        <\/div>\n      <\/div>\n      <div class=\"background-layer background-layer-media-container-md\">\n        <!---->\n        <div class=\"overlay-layer\">\n          <div class=\"overlay-image-layer\" style=\"background-color: rgb(23, 37, 42); opacity: 0.5;\"><\/div>\n        <\/div>\n      <\/div>\n      <div class=\"background-layer background-layer-media-container\">\n        <!---->\n        <div class=\"overlay-layer\">\n          <div class=\"overlay-image-layer\" style=\"background-color: rgb(23, 37, 42); opacity: 0.5;\"><\/div>\n        <\/div>\n      <\/div>\n    <\/div>\n    <!---->\n    <div class=\"h-section-grid-container h-section-boxed-container\">\n      <!---->\n      <div data-colibri-id=\"51-c34\" class=\"h-row-container gutters-row-lg-2 gutters-row-md-2 gutters-row-2 gutters-row-v-lg-2 gutters-row-v-md-2 gutters-row-v-2 style-404 style-local-51-c34 position-relative\">\n        <!---->\n        <div class=\"h-row justify-content-lg-center justify-content-md-center justify-content-center align-items-lg-stretch align-items-md-stretch align-items-stretch gutters-col-lg-2 gutters-col-md-2 gutters-col-2 gutters-col-v-lg-2 gutters-col-v-md-2 gutters-col-v-2\">\n          <!---->\n          <div class=\"h-column h-column-container d-flex h-col-lg-auto h-col-md-auto h-col-auto style-405-outer style-local-51-c35-outer\">\n            <div data-colibri-id=\"51-c35\" class=\"d-flex h-flex-basis h-column__inner h-px-lg-2 h-px-md-2 h-px-2 v-inner-lg-2 v-inner-md-2 v-inner-2 style-405 style-local-51-c35 position-relative\">\n              <!---->\n              <!---->\n              <div class=\"w-100 h-y-container h-column__content h-column__v-align flex-basis-100 align-self-lg-start align-self-md-start align-self-start\">\n                <!---->\n                <div data-colibri-id=\"51-c36\" class=\"h-global-transition-all h-heading style-406 style-local-51-c36 position-relative h-element\">\n                  <!---->\n                  <div class=\"h-heading__outer style-406 style-local-51-c36\">\n                    <!---->\n                    <!---->\n                    <h2 class=\"\"><strong style=\"color: rgb(31, 126, 231); font-weight: 800;\">Visiter Eljem<\/strong> <\/h2>\n                  <\/div>\n                <\/div>\n                <div data-colibri-id=\"51-c37\" class=\"h-x-container style-408 style-local-51-c37 position-relative h-element\">\n                  <!---->\n                  <div class=\"h-x-container-inner style-dynamic-51-c37-group style-408-spacing style-local-51-c37-spacing\"><span class=\"h-button__outer style-409-outer style-local-51-c38-outer d-inline-flex h-element\"><a h-use-smooth-scroll=\"true\" href=\"\"  data-colibri-id=\"51-c38\" class=\"d-flex w-100 align-items-center h-button justify-content-lg-center justify-content-md-center justify-content-center style-409 style-local-51-c38 position-relative\"><!----><!----> <span>Lire la suite<\/span><\/a>\n                    <\/span>\n                  <\/div>\n                <\/div>\n              <\/div>\n            <\/div>\n          <\/div>\n        <\/div>\n      <\/div>\n    <\/div>\n  <\/div>\n<\/div>","protected":false},"excerpt":{"rendered":"<p>Pr\u00e9sentation du festival Apprenez a mieux connaitre le festival ainsi que la visite d&rsquo;Elejm Information Utiles D\u00e9couvrez nos points de vente, le transport et les excursions organis\u00e9es pour assister aux [&hellip;]<\/p>\n","protected":false},"author":1,"featured_media":0,"parent":0,"menu_order":0,"comment_status":"closed","ping_status":"closed","template":"page-templates\/homepage.php","meta":{"_price":"","_stock":"","_tribe_ticket_header":"","_tribe_default_ticket_provider":"","_ticket_start_date":"","_ticket_end_date":"","_tribe_ticket_show_description":"","_tribe_ticket_show_not_going":false,"_tribe_ticket_use_global_stock":"","_tribe_ticket_global_stock_level":"","_global_stock_mode":"","_global_stock_cap":"","_tribe_rsvp_for_event":"","_tribe_ticket_going_count":"","_tribe_ticket_not_going_count":"","_tribe_tickets_list":"[]","_tribe_ticket_has_attendee_info_fields":false,"footnotes":"","_tec_slr_enabled":"","_tec_slr_layout":""},"class_list":["post-51","page","type-page","status-publish","hentry"],"ticketed":false,"_links":{"self":[{"href":"https:\/\/festivaleljem.tn\/index.php\/wp-json\/wp\/v2\/pages\/51","targetHints":{"allow":["GET"]}}],"collection":[{"href":"https:\/\/festivaleljem.tn\/index.php\/wp-json\/wp\/v2\/pages"}],"about":[{"href":"https:\/\/festivaleljem.tn\/index.php\/wp-json\/wp\/v2\/types\/page"}],"author":[{"embeddable":true,"href":"https:\/\/festivaleljem.tn\/index.php\/wp-json\/wp\/v2\/users\/1"}],"replies":[{"embeddable":true,"href":"https:\/\/festivaleljem.tn\/index.php\/wp-json\/wp\/v2\/comments?post=51"}],"version-history":[{"count":21,"href":"https:\/\/festivaleljem.tn\/index.php\/wp-json\/wp\/v2\/pages\/51\/revisions"}],"predecessor-version":[{"id":1611,"href":"https:\/\/festivaleljem.tn\/index.php\/wp-json\/wp\/v2\/pages\/51\/revisions\/1611"}],"wp:attachment":[{"href":"https:\/\/festivaleljem.tn\/index.php\/wp-json\/wp\/v2\/media?parent=51"}],"curies":[{"name":"wp","href":"https:\/\/api.w.org\/{rel}","templated":true}]}}