{"id":200,"date":"2024-06-24T15:12:32","date_gmt":"2024-06-24T13:12:32","guid":{"rendered":"http:\/\/festivaleljem.tn\/?page_id=200"},"modified":"2025-06-08T12:23:10","modified_gmt":"2025-06-08T10:23:10","slug":"accueil","status":"publish","type":"page","link":"https:\/\/festivaleljem.tn\/index.php\/accueil\/","title":{"rendered":"Accueil"},"content":{"rendered":"\r\n<p>Le Festival International de Musique symphonique d\u2019Eljem fond\u00e9 par Mr\u00a0<strong>Mohamed Ennaceur<\/strong>, ancien maire d\u2019Eljem, ancien ministre et actuellement Pr\u00e9sident d\u2019honneur , a d\u00e9but\u00e9 en 1986. Depuis Il s\u2019impose en tant qu\u2019\u00e9v\u00e9nement culturel de dimension internationale, qui draine de nombreux m\u00e9lomanes vers Thysdrus, l\u2019antique Eljem ville mill\u00e9naire, et son prestigieux th\u00e9\u00e2tre romain class\u00e9 Patrimoine mondial par l\u2019UNESCO.<\/p>\r\n\r\n\r\n\r\n<p>Avec le Festival, l\u2019amphith\u00e9\u00e2tre revit, mais il vit son \u00e9poque: Les sons de la musique, caressants ou mordants, f\u00e9conds ou arides, se sont substitu\u00e9s aux rugissements des fauves et aux cris des gladiateurs ou des supplici\u00e9s. Ceux qui ont eu l\u2019occasion de venir \u00e0 Eljem au cours du Festival, se sont laiss\u00e9s s\u00e9duire par la synth\u00e8se, combien riche, entre la splendeur du monument et la beaut\u00e9 des musiques, dont il se pare un mois par an.<\/p>\r\n\r\n\r\n\r\n<p>Le festival d\u2019Eljem, c\u2019est aussi l\u2019expression d\u2019une ambition : l\u2019ambition d\u2019\u00eatre le symbole d\u2019une vraie coop\u00e9ration internationale et l\u2019ambition aussi de contribuer au d\u00e9veloppement d\u2019Eljem et du tourisme culturel en Tunisie.<\/p>\r\n","protected":false},"excerpt":{"rendered":"<p>Le Festival International de Musique symphonique d\u2019Eljem fond\u00e9 par Mr\u00a0Mohamed Ennaceur, ancien maire d\u2019Eljem, ancien ministre et actuellement Pr\u00e9sident d\u2019honneur , a d\u00e9but\u00e9 en 1986. Depuis Il s\u2019impose en tant [&hellip;]<\/p>\n","protected":false},"author":1,"featured_media":150,"parent":0,"menu_order":0,"comment_status":"closed","ping_status":"closed","template":"","meta":{"_price":"","_stock":"","_tribe_ticket_header":"","_tribe_default_ticket_provider":"","_ticket_start_date":"","_ticket_end_date":"","_tribe_ticket_show_description":"","_tribe_ticket_show_not_going":false,"_tribe_ticket_use_global_stock":"","_tribe_ticket_global_stock_level":"","_global_stock_mode":"","_global_stock_cap":"","_tribe_rsvp_for_event":"","_tribe_ticket_going_count":"","_tribe_ticket_not_going_count":"","_tribe_tickets_list":"[]","_tribe_ticket_has_attendee_info_fields":false,"footnotes":"","_tec_slr_enabled":"","_tec_slr_layout":""},"class_list":["post-200","page","type-page","status-publish","has-post-thumbnail","hentry"],"ticketed":false,"_links":{"self":[{"href":"https:\/\/festivaleljem.tn\/index.php\/wp-json\/wp\/v2\/pages\/200","targetHints":{"allow":["GET"]}}],"collection":[{"href":"https:\/\/festivaleljem.tn\/index.php\/wp-json\/wp\/v2\/pages"}],"about":[{"href":"https:\/\/festivaleljem.tn\/index.php\/wp-json\/wp\/v2\/types\/page"}],"author":[{"embeddable":true,"href":"https:\/\/festivaleljem.tn\/index.php\/wp-json\/wp\/v2\/users\/1"}],"replies":[{"embeddable":true,"href":"https:\/\/festivaleljem.tn\/index.php\/wp-json\/wp\/v2\/comments?post=200"}],"version-history":[{"count":0,"href":"https:\/\/festivaleljem.tn\/index.php\/wp-json\/wp\/v2\/pages\/200\/revisions"}],"wp:featuredmedia":[{"embeddable":true,"href":"https:\/\/festivaleljem.tn\/index.php\/wp-json\/wp\/v2\/media\/150"}],"wp:attachment":[{"href":"https:\/\/festivaleljem.tn\/index.php\/wp-json\/wp\/v2\/media?parent=200"}],"curies":[{"name":"wp","href":"https:\/\/api.w.org\/{rel}","templated":true}]}}