{"id":198,"date":"2024-06-24T15:11:30","date_gmt":"2024-06-24T13:11:30","guid":{"rendered":"http:\/\/festivaleljem.tn\/?page_id=198"},"modified":"2025-05-27T22:04:27","modified_gmt":"2025-05-27T20:04:27","slug":"soutenir-le-festival","status":"publish","type":"page","link":"https:\/\/festivaleljem.tn\/index.php\/soutenir-le-festival\/","title":{"rendered":"Soutenir le festival"},"content":{"rendered":"<div data-colibri-id=\"198-c1\" class=\"style-654 style-local-198-c1 position-relative\">\n  <!---->\n  <div data-colibri-component=\"section\" data-colibri-id=\"198-c2\" id=\"initial-content\" class=\"h-section h-section-global-spacing d-flex align-items-lg-start align-items-md-start align-items-start style-655 style-local-198-c2 position-relative\">\n    <!---->\n    <!---->\n    <div class=\"h-section-grid-container h-section-boxed-container\">\n      <!---->\n      <div data-colibri-id=\"198-c3\" class=\"h-row-container gutters-row-lg-2 gutters-row-md-2 gutters-row-0 gutters-row-v-lg-2 gutters-row-v-md-2 gutters-row-v-2 style-656 style-local-198-c3 position-relative\">\n        <!---->\n        <div class=\"h-row justify-content-lg-center justify-content-md-center justify-content-center align-items-lg-stretch align-items-md-stretch align-items-stretch gutters-col-lg-2 gutters-col-md-2 gutters-col-0 gutters-col-v-lg-2 gutters-col-v-md-2 gutters-col-v-2\">\n          <!---->\n          <div class=\"h-column h-column-container d-flex h-col-lg-auto h-col-md-auto h-col-auto style-657-outer style-local-198-c4-outer\">\n            <div data-colibri-id=\"198-c4\" class=\"d-flex h-flex-basis h-column__inner h-px-lg-2 h-px-md-2 h-px-2 v-inner-lg-2 v-inner-md-2 v-inner-2 style-657 style-local-198-c4 position-relative\">\n              <!---->\n              <!---->\n              <div class=\"w-100 h-y-container h-column__content h-column__v-align flex-basis-100 align-self-lg-start align-self-md-start align-self-start\">\n                <!---->\n                <div data-colibri-id=\"198-c5\" class=\"style-658 style-local-198-c5 position-relative h-element\">\n                  <!---->\n                  <div>\n                    \n                    <p><strong><u>Pourquoi nous soutenir ?<\/u><\/strong><\/p>\n                    \n\n                    \n                    <p>Sponsoriser ou parrainer (m\u00e9c\u00e9nat) le Festival International De Musique Symphonique d\u2019Eljem n\u2019est pas seulement associer l\u2019image de sa propre entreprise \u00e0 celle d\u2019un festival culturel&nbsp; dont on parle r\u00e9guli\u00e8rement dans les M\u00e9dias,\n                      C\u2019est beaucoup plus&nbsp;!<\/p>\n                    \n\n                    \n                    <ol class=\"wp-block-list\">\n                      \n                      <li><strong><u>Un \u00e9v\u00e8nement unique&nbsp;!<\/u><\/strong><\/li>\n                      \n                    <\/ol>\n                    \n\n                    \n                    <p>Le Festival International de Musique symphonique d\u2019Eljem est consid\u00e9r\u00e9 par le minist\u00e8re de la culture&nbsp; parmi les plus importants \u00e9v\u00e8nements culturels en Tunisie puisque il est le seul festival \u00e0 se sp\u00e9cialiser en musique symphonique.<\/p>\n                    \n\n                    \n                    <ol class=\"wp-block-list\" start=\"2\">\n                      \n                      <li><strong><u>Nous touchons un large public&nbsp;!<\/u><\/strong><\/li>\n                      \n                    <\/ol>\n                    \n\n                    \n                    <p>Nous accueillons bien \u00e9videmment les mordus de la musique symphonique&nbsp;<strong>&nbsp;<\/strong>qui viennent pour passer une agr\u00e9able soir\u00e9e&nbsp; dans un cadre aussi magnifique tel que l\u2019amphith\u00e9\u00e2tre romain d\u2019Eljem<strong>&nbsp;.<\/strong>Il\n                      y a \u00e9galement un bon nombre de curieux qui se d\u00e9placent pour assister aux spectacles du festival assur\u00e9s par les diff\u00e9rents&nbsp; orchestres&nbsp; et prendre part \u00e0 l\u2019ambiance chaleureuse du cadre et de la musique .<\/p>\n                    \n\n                    \n                    <p>Notre public est inform\u00e9 par le biais d\u2019une grande campagne promotionnelle&nbsp;: \u00e0 la radio, par distribution de flyers et&nbsp; &nbsp;des affiches dans toute la Tunisie, par son site web et sa page FB et \u00e0 travers diff\u00e9rents r\u00e9seaux\n                      sociaux, et \u00e9galement au&nbsp; travers d\u2019annonces faites par nos partenaires \u00e0 travers leurs propres r\u00e9seaux.<\/p>\n                    \n\n                    \n                    <ol class=\"wp-block-list\" start=\"3\">\n                      \n                      <li><strong><u>Un vecteur de d\u00e9veloppement Local&nbsp;!<\/u><\/strong><\/li>\n                      \n                    <\/ol>\n                    \n\n                    \n                    <p>Le Festival International de Musique Symphonique d\u2019Eljem et son public&nbsp; cr\u00e9e&nbsp; des nombreuses opportunit\u00e9s \u00e9conomiques et commerciales pour les habitants de la ville d\u2019Eljem (restaurants, artisanats, caf\u00e9s\u2026).<\/p>\n                    \n\n                    \n                    <ol class=\"wp-block-list\" start=\"4\">\n                      \n                      <li><strong><u>Faire revivre un lieu historique class\u00e9 patrimoine mondial&nbsp;!<\/u><\/strong><\/li>\n                      \n                    <\/ol>\n                    \n\n                    \n                    <p>Le Festival International de Musique Symphonique d\u2019Eljem&nbsp; ouvre au monde les portes d\u2019acc\u00e8s \u00e0 un h\u00e9ritage ancien du patrimoine de l\u2019humanit\u00e9 (l\u2019Amphith\u00e9\u00e2tre romain d\u2019Eljem est class\u00e9 patrimoine mondiale par l\u2019UNESCO depuis 1979).\n                      En utilisant la musique symphonique comme pr\u00e9texte et moyen, le festival permet de faire conna\u00eetre au monde entier l\u2019Amphith\u00e9\u00e2tre Romain d\u2019Eljem et d\u2019autres sites tr\u00e8s importants.<\/p>\n                    \n\n                    \n                    <p><strong><u>Quelle diff\u00e9rence entre m\u00e9c\u00e9nat et sponsoring<\/u><\/strong><\/p>\n                    \n\n                    \n                    <p>Ce qui distingue avant tout le m\u00e9c\u00e9nat du sponsoring habituel c\u2019est l\u2019absence de contrepartie commerciale directe. En effet, le sponsoring permet de promouvoir un produit et le m\u00e9c\u00e9nat permet de promouvoir&nbsp;<strong>une image de marque<\/strong>.\n                      Ce qui ne veut pas dire que le m\u00e9c\u00e9nat ne repr\u00e9sente pas une valeur pour l\u2019entreprise donatrice car bien au contraire, en termes d\u2019images et de notori\u00e9t\u00e9<strong>, le m\u00e9c\u00e9nat culturel est un label Qualit\u00e9 pour une marque<\/strong>&nbsp;qui\n                      sera d\u2019autant mieux mise en valeur que l\u2019action sera discr\u00e8te et d\u2019autant plus valorisante qu\u2019elle sera unique en son genre (c\u2019est le cas pour le festival d\u2019Eljem).&nbsp;<strong>Le m\u00e9c\u00e9nat d\u00e9veloppe la fiert\u00e9 d\u2019appartenance \u00e0 l\u2019entreprise aussi bien pour le personnel que pour les partenaires \u00e9conomiques<\/strong>.<\/p>\n                    \n\n                    \n                    <p>A ne pas oublier aussi que&nbsp; la loi des finances compl\u00e9mentaire pour l\u2019ann\u00e9e 2014 article 49 a pr\u00e9vu qu\u2019une partie du m\u00e9c\u00e9nat culturel sera d\u00e9ductible de l\u2019assiette imposable, ce qui est repr\u00e9sente une grande nouveaut\u00e9 en Tunisie<\/p>\n                    \n\n                    \n                    <p><strong><u>Article .49 :<\/u><\/strong><\/p>\n                    \n\n                    \n                    <p>1-&nbsp; Est ajout\u00e9e apr\u00e8s le paragraphe 5 de l\u2019article 12 du code de l\u2019imp\u00f4t sur le revenu des personnes physiques&nbsp; et de l\u2019imp\u00f4t sur les soci\u00e9t\u00e9s un paragraphe 5 bis ainsi libell\u00e9 :<\/p>\n                    \n\n                    \n                    <p>5 bis. Les m\u00e9c\u00e9nats accord\u00e9s aux entreprises, projets et \u0153uvres \u00e0 caract\u00e8re culturel ayant obtenu l\u2019approbation&nbsp; du minist\u00e8re charg\u00e9 de la culture.<\/p>\n                    \n\n                    \n                    <p>2-&nbsp; Est ajout\u00e9e l\u2019expression \u00ab et des m\u00e9c\u00e9nats \u00bb apr\u00e8s l\u2019expression \u00abdes dons et subventions\u00bb mentionn\u00e9e au&nbsp; dernier&nbsp; tiret&nbsp; du&nbsp; premier&nbsp; alin\u00e9a&nbsp; du&nbsp; paragraphe&nbsp; II&nbsp; de&nbsp; l\u2019article&nbsp;\n                      59&nbsp; du&nbsp; code&nbsp; de&nbsp; l\u2019imp\u00f4t&nbsp; sur&nbsp; le&nbsp; revenu&nbsp; des&nbsp; personnes&nbsp; physiques et de l\u2019imp\u00f4t sur les soci\u00e9t\u00e9s.<\/p>\n                    \n\n                    \n                    <p><strong>Supports m\u00e9diatiques<\/strong><\/p>\n                    \n\n                    \n                    <p><strong>Affiches du Festival<\/strong>: Elle a pour dimension 70* 100 cm, elle est tir\u00e9e \u00e0 1500 exemplaires, celles-ci seront visibles dans tous les offices du tourisme les h\u00f4tels ainsi que dans tous les centres villes des agglom\u00e9rations\n                      les plus importantes.<\/p>\n                    \n\n                    \n                    <p><strong>Banderole<\/strong>s: La banderole du festival portera votre logo et sera visible dans les grandes villes du pays: Tunis, Hammamet, Nabeul, Sousse, Monastir, Mahdia et Sfax.<\/p>\n                    \n\n                    \n                    <p><strong>Flyers<\/strong>&nbsp;: Tir\u00e9s \u00e0 100.000 exemplaires faisant 10* 15 cm, ceux-ci seront publipost\u00e9s sur les principales villes du pays\u2026<\/p>\n                    \n\n                    \n                    <p><strong>Cartes Postales<\/strong>: Plus de 10.000 exemplaires aux dimensions de 10*15 cm seront distribu\u00e9es. La carte postale est un support tr\u00e8s important car il est collectionn\u00e9 par les fid\u00e8les du festival et en plus c\u2019est un support\n                      itin\u00e9rant qui peut faire le tour du monde.<\/p>\n                    \n\n                    \n                    <p><strong>Le Livret<\/strong>: 5000 exemplaires de 24 pages seront distribu\u00e9s aussi bien aux visiteurs, aux fid\u00e8les du festival et aussi \u00e0 des personnalit\u00e9s tunisiennes et \u00e9trang\u00e8res les jours des concerts et o\u00f9 une page de publicit\u00e9\n                      (A3) vous sera r\u00e9serv\u00e9e.<\/p>\n                    \n\n                    \n                    <p><strong>Mailing<\/strong>: A l\u2019 occasion de cette \u00e9dition et pour assurer la promotion du festival et du site web du festival, un mailing de plus de 100000 adresses tunisiennes sera effectu\u00e9.<\/p>\n                    \n\n                    \n                    <p><strong>Le site web<\/strong>: Les visites directes des pages internet du festival avec leurs liens aux sponsors ont pris de l\u2019essor et tournent autour de 30000 visites par ann\u00e9e.<\/p>\n                    \n\n                    \n                    <p><strong>Trains sp\u00e9ciaux<\/strong>&nbsp;: 3 trains sp\u00e9ciaux au moins seront programm\u00e9s pour ramener le public du festival de Tunis \u00e0 Eljem. Des places vous seront offertes et vous aurez la possibilit\u00e9 de promouvoir vos produits.<\/p>\n                    \n\n                    \n                    <p>Site web&nbsp;: votre logo sera int\u00e9gr\u00e9 dans le site du festival durant 2 mois.<\/p>\n                    \n\n                    \n                    <p><strong>Annonces sono avant les spectacles<\/strong>: Chaque soir\u00e9e est pr\u00e9c\u00e9d\u00e9e d\u2019une annonce sono qui offrira le concert du jour en votre nom.<\/p>\n                    \n\n                    \n                    <p><strong>Presse<\/strong>: Insertion Presse sur deux journaux pendant 10 jours (La Presse, Le Temps).<\/p>\n                    \n\n                    \n                    <p><strong>Panneaux publicitaires<\/strong>: 8 panneaux de 2 m sur 70 cm portant le logo de votre entreprise seront plac\u00e9s \u00e0 l\u2019entr\u00e9e de l\u2019amphith\u00e9\u00e2tre &nbsp;et de 2 c\u00f4t\u00e9s de la sc\u00e8ne. (Mat\u00e9riel fourni par vos soins)<\/p>\n                    \n\n                    \n                    <p><strong>Parking<\/strong>&nbsp;: votre logo sera visible sur le parking (mat\u00e9riel fourni par vos soins)<\/p>\n                    \n\n                    \n                    <p><strong>Ecrans g\u00e9ants&nbsp;<\/strong>: des \u00e9crans g\u00e9ants sur le grand Tunis seront a la disposition du festival .<\/p>\n                    \n                  <\/div>\n                <\/div>\n              <\/div>\n            <\/div>\n          <\/div>\n        <\/div>\n      <\/div>\n    <\/div>\n  <\/div>\n<\/div>","protected":false},"excerpt":{"rendered":"<p>Pourquoi nous soutenir ? Sponsoriser ou parrainer (m\u00e9c\u00e9nat) le Festival International De Musique Symphonique d\u2019Eljem n\u2019est pas seulement associer l\u2019image de sa propre entreprise \u00e0 celle d\u2019un festival culturel&nbsp; dont [&hellip;]<\/p>\n","protected":false},"author":1,"featured_media":0,"parent":0,"menu_order":0,"comment_status":"closed","ping_status":"closed","template":"page-templates\/full-width-page.php","meta":{"_price":"","_stock":"","_tribe_ticket_header":"","_tribe_default_ticket_provider":"","_ticket_start_date":"","_ticket_end_date":"","_tribe_ticket_show_description":"","_tribe_ticket_show_not_going":false,"_tribe_ticket_use_global_stock":"","_tribe_ticket_global_stock_level":"","_global_stock_mode":"","_global_stock_cap":"","_tribe_rsvp_for_event":"","_tribe_ticket_going_count":"","_tribe_ticket_not_going_count":"","_tribe_tickets_list":"[]","_tribe_ticket_has_attendee_info_fields":false,"footnotes":"","_tec_slr_enabled":"","_tec_slr_layout":""},"class_list":["post-198","page","type-page","status-publish","hentry"],"ticketed":false,"_links":{"self":[{"href":"https:\/\/festivaleljem.tn\/index.php\/wp-json\/wp\/v2\/pages\/198","targetHints":{"allow":["GET"]}}],"collection":[{"href":"https:\/\/festivaleljem.tn\/index.php\/wp-json\/wp\/v2\/pages"}],"about":[{"href":"https:\/\/festivaleljem.tn\/index.php\/wp-json\/wp\/v2\/types\/page"}],"author":[{"embeddable":true,"href":"https:\/\/festivaleljem.tn\/index.php\/wp-json\/wp\/v2\/users\/1"}],"replies":[{"embeddable":true,"href":"https:\/\/festivaleljem.tn\/index.php\/wp-json\/wp\/v2\/comments?post=198"}],"version-history":[{"count":2,"href":"https:\/\/festivaleljem.tn\/index.php\/wp-json\/wp\/v2\/pages\/198\/revisions"}],"predecessor-version":[{"id":1353,"href":"https:\/\/festivaleljem.tn\/index.php\/wp-json\/wp\/v2\/pages\/198\/revisions\/1353"}],"wp:attachment":[{"href":"https:\/\/festivaleljem.tn\/index.php\/wp-json\/wp\/v2\/media?parent=198"}],"curies":[{"name":"wp","href":"https:\/\/api.w.org\/{rel}","templated":true}]}}