{"id":196,"date":"2024-06-24T15:10:06","date_gmt":"2024-06-24T13:10:06","guid":{"rendered":"http:\/\/festivaleljem.tn\/?page_id=196"},"modified":"2025-06-10T00:18:37","modified_gmt":"2025-06-09T22:18:37","slug":"infos-utiles","status":"publish","type":"page","link":"https:\/\/festivaleljem.tn\/index.php\/infos-utiles\/","title":{"rendered":"Infos utiles"},"content":{"rendered":"\r\n<p><strong>Association Festival international de Musique symphonique d\u2019Eljem organisatrice de l&rsquo;\u00e9v\u00e8nement\u00a0<\/strong><\/p>\r\n<p><strong>Pour toute info contact<\/strong> : 73631083 , 29590761<\/p>\r\n<p><strong>Achat de billets en ligne<\/strong> : billet.festivaleljem.tn\u00a0<\/p>\r\n<p><strong>Pour toute info sur les concerts et les programmes<\/strong> : www.festivaleljem.tn<\/p>\r\n<p><strong>Transport<\/strong> : bus pour tous les concerts (30d aller retour) de devant le Minist\u00e8re du Tourisme \u00e0 17h\u00a0<\/p>\r\n<p><strong>pour le concert du 2 ao\u00fbt un train sera allou\u00e9<\/strong><\/p>\r\n<p>Pour r\u00e9server contact Adel 55179558 , <strong>NB : la confirmation des d\u00e9parts sera confirm\u00e9e apr\u00e8s 60% de remplissage<\/strong><\/p>\r\n<p><strong>Points de vente<\/strong> : <strong>Tunis<\/strong> gare de Barcelone au d\u00e9bit de Tabac , <strong>Sousse<\/strong> : ONTT sidi boujaafar,<strong> Mahdia<\/strong> : Syndicat d&rsquo;initiative\u00a0<\/p>\r\n<p><strong>Programme et prix<\/strong> \u00a0\u00a0<\/p>\r\n\r\n\r\n\r\n\r\n\r\n<figure class=\"wp-block-table\">\r\n<table>\r\n<tbody>\r\n<tr>\r\n<td><strong>DATES<\/strong><\/td>\r\n<td><strong>Prix<\/strong><\/td>\r\n<td><strong>ORCHESTRES<\/strong><\/td>\r\n<\/tr>\r\n<tr>\r\n<td>12 juillet<\/td>\r\n<td>40 d gradins 60 d chaises<\/td>\r\n<td>ORCHESTRA FIORENTINA DA CAMERA<\/td>\r\n<\/tr>\r\n<tr>\r\n<td>17 juillet<\/td>\r\n<td>30 d gradins 40 d chaises<\/td>\r\n<td>\r\n<p>Mohamed Ali KAMMOUN et l\u2019orchestre symphonique de M\u00e9grine; 24 parfums- les \u00e9toiles symphoniques<\/p>\r\n<\/td>\r\n<\/tr>\r\n<tr>\r\n<td>19 juillet<\/td>\r\n<td>30 d gradins 40 d chaises<\/td>\r\n<td>\r\n<p>LA NUIT DES CHEFS<\/p>\r\n<\/td>\r\n<\/tr>\r\n<tr>\r\n<td>24 juillet<\/td>\r\n<td>40 d gradins 60 d chaises<\/td>\r\n<td>ORCHESTRE ROYAL DE CHAMBRE DE WALLONIE<\/td>\r\n<\/tr>\r\n<tr>\r\n<td>26 juillet<\/td>\r\n<td>40 d gradins 60 d chaises<\/td>\r\n<td>ORQUESTA DE C\u00c1MARA VILLA DE MADRID<\/td>\r\n<\/tr>\r\n<tr>\r\n<td>02 ao\u00fbt<\/td>\r\n<td>60 d gradins 80 d chaises<\/td>\r\n<td>L\u2019ORCHESTRE DU BAL DE L\u2019OPERA DE VIENNE \u00a0<\/td>\r\n<\/tr>\r\n<tr>\r\n<td>06 ao\u00fbt \u00a0<\/td>\r\n<td>30 d gradins 40 d chaises<\/td>\r\n<td>Hassen DOSS; Accompagn\u00e9 par l\u2019orchestre et ch\u0153ur El Manar\u00a0<\/td>\r\n<\/tr>\r\n<tr>\r\n<td>09 ao\u00fbt \u00a0<\/td>\r\n<td>230 d gradins 40 d chaises<\/td>\r\n<td>Orchestre symphonique de l\u2019Op\u00e9ra d\u2019Alger<\/td>\r\n<\/tr>\r\n<tr>\r\n<td>10 ao\u00fbt<\/td>\r\n<td>30 d gradins 40 d chaises<\/td>\r\n<td>\r\n<p>ORIENTAL HERITAGE CHOIR<\/p>\r\n<\/td>\r\n<\/tr>\r\n<tr>\r\n<td>12 ao\u00fbt<\/td>\r\n<td>20 d gradins 30 d chaises<\/td>\r\n<td>Orchestre symphonique de Carthage<\/td>\r\n<\/tr>\r\n<tr>\r\n<td>16 ao\u00fbt<\/td>\r\n<td>30 d gradins 40 d chaises<\/td>\r\n<td>YURY REVICH (violoniste) et l\u2019OSTunisien en concert<\/td>\r\n<\/tr>\r\n<\/tbody>\r\n<\/table>\r\n<\/figure>\r\n","protected":false},"excerpt":{"rendered":"<p>Association Festival international de Musique symphonique d\u2019Eljem organisatrice de l&rsquo;\u00e9v\u00e8nement\u00a0 Pour toute info contact : 73631083 , 29590761 Achat de billets en ligne : billet.festivaleljem.tn\u00a0 Pour toute info sur les [&hellip;]<\/p>\n","protected":false},"author":1,"featured_media":0,"parent":0,"menu_order":0,"comment_status":"closed","ping_status":"closed","template":"","meta":{"_price":"","_stock":"","_tribe_ticket_header":"","_tribe_default_ticket_provider":"","_ticket_start_date":"","_ticket_end_date":"","_tribe_ticket_show_description":"","_tribe_ticket_show_not_going":false,"_tribe_ticket_use_global_stock":"","_tribe_ticket_global_stock_level":"","_global_stock_mode":"","_global_stock_cap":"","_tribe_rsvp_for_event":"","_tribe_ticket_going_count":"","_tribe_ticket_not_going_count":"","_tribe_tickets_list":"[]","_tribe_ticket_has_attendee_info_fields":false,"footnotes":"","_tec_slr_enabled":"","_tec_slr_layout":""},"class_list":["post-196","page","type-page","status-publish","hentry"],"ticketed":false,"_links":{"self":[{"href":"https:\/\/festivaleljem.tn\/index.php\/wp-json\/wp\/v2\/pages\/196","targetHints":{"allow":["GET"]}}],"collection":[{"href":"https:\/\/festivaleljem.tn\/index.php\/wp-json\/wp\/v2\/pages"}],"about":[{"href":"https:\/\/festivaleljem.tn\/index.php\/wp-json\/wp\/v2\/types\/page"}],"author":[{"embeddable":true,"href":"https:\/\/festivaleljem.tn\/index.php\/wp-json\/wp\/v2\/users\/1"}],"replies":[{"embeddable":true,"href":"https:\/\/festivaleljem.tn\/index.php\/wp-json\/wp\/v2\/comments?post=196"}],"version-history":[{"count":0,"href":"https:\/\/festivaleljem.tn\/index.php\/wp-json\/wp\/v2\/pages\/196\/revisions"}],"wp:attachment":[{"href":"https:\/\/festivaleljem.tn\/index.php\/wp-json\/wp\/v2\/media?parent=196"}],"curies":[{"name":"wp","href":"https:\/\/api.w.org\/{rel}","templated":true}]}}