{"id":192,"date":"2024-06-24T15:08:05","date_gmt":"2024-06-24T13:08:05","guid":{"rendered":"http:\/\/festivaleljem.tn\/?page_id=192"},"modified":"2024-07-05T22:03:45","modified_gmt":"2024-07-05T20:03:45","slug":"mecenat","status":"publish","type":"page","link":"https:\/\/festivaleljem.tn\/index.php\/mecenat\/","title":{"rendered":"M\u00e9c\u00e9nat"},"content":{"rendered":"<div data-colibri-id=\"192-c1\" class=\"style-638 style-local-192-c1 position-relative\">\r\n  <!---->\r\n  <div data-colibri-component=\"section\" data-colibri-id=\"192-c2\" id=\"initial-content\" class=\"h-section h-section-global-spacing d-flex align-items-lg-center align-items-md-center align-items-center style-639 style-local-192-c2 position-relative\">\r\n    <!---->\r\n    <!---->\r\n    <div class=\"h-section-grid-container h-section-boxed-container\">\r\n      <!---->\r\n      <div data-colibri-id=\"192-c3\" class=\"h-row-container gutters-row-lg-2 gutters-row-md-2 gutters-row-0 gutters-row-v-lg-2 gutters-row-v-md-2 gutters-row-v-2 style-640 style-local-192-c3 position-relative\">\r\n        <!---->\r\n        <div class=\"h-row justify-content-lg-center justify-content-md-center justify-content-center align-items-lg-stretch align-items-md-stretch align-items-stretch gutters-col-lg-2 gutters-col-md-2 gutters-col-0 gutters-col-v-lg-2 gutters-col-v-md-2 gutters-col-v-2\">\r\n          <!---->\r\n          <div class=\"h-column h-column-container d-flex h-col-lg-auto h-col-md-auto h-col-auto style-641-outer style-local-192-c4-outer\">\r\n            <div data-colibri-id=\"192-c4\" class=\"d-flex h-flex-basis h-column__inner h-px-lg-2 h-px-md-2 h-px-2 v-inner-lg-2 v-inner-md-2 v-inner-2 style-641 style-local-192-c4 position-relative\">\r\n              <!---->\r\n              <!---->\r\n              <div class=\"w-100 h-y-container h-column__content h-column__v-align flex-basis-100 align-self-lg-start align-self-md-start align-self-start\">\r\n                <!---->\r\n                <div data-colibri-id=\"192-c7\" class=\"d-block style-644 style-local-192-c7 position-relative h-element\">\r\n                  <!---->\r\n                  <div class=\"h-image__frame-container-outer\">\r\n                    <div class=\"h-image__frame-container\">\r\n                      <!---->\r\n                      <!---->\r\n                      <img decoding=\"async\" data-src=\"https:\/\/festivaleljem.tn\/wp-content\/uploads\/2024\/06\/cropped-cropped-mecene-principale-300x227.jpg\" class=\"style-644-image style-local-192-c7-image lazyload\" src=\"data:image\/svg+xml;base64,PHN2ZyB3aWR0aD0iMSIgaGVpZ2h0PSIxIiB4bWxucz0iaHR0cDovL3d3dy53My5vcmcvMjAwMC9zdmciPjwvc3ZnPg==\" style=\"--smush-placeholder-width: 300px; --smush-placeholder-aspect-ratio: 300\/227;\">\r\n                      <div class=\"h-image__frame h-hide-lg h-hide-md h-hide-sm style-644-frameImage style-local-192-c7-frameImage\"><\/div>\r\n                    <\/div>\r\n                  <\/div>\r\n                <\/div>\r\n              <\/div>\r\n            <\/div>\r\n          <\/div>\r\n          <div class=\"h-column h-column-container d-flex h-col-lg-auto h-col-md-auto h-col-auto style-643-outer style-local-192-c6-outer\">\r\n            <div data-colibri-id=\"192-c6\" class=\"d-flex h-flex-basis h-column__inner h-px-lg-2 h-px-md-2 h-px-2 v-inner-lg-2 v-inner-md-2 v-inner-2 style-643 style-local-192-c6 position-relative\">\r\n              <!---->\r\n              <!---->\r\n              <div class=\"w-100 h-y-container h-column__content h-column__v-align flex-basis-100 align-self-lg-start align-self-md-start align-self-start\">\r\n                <!---->\r\n                <div data-colibri-id=\"192-c5\" class=\"style-642 style-local-192-c5 position-relative h-element\">\r\n                  <!---->\r\n                  <div>\r\n                    \r\n                    <p>La Fondation Arts &amp; Culture by UIB, m\u00e9c\u00e8ne principal du Festival International de Musique Symphonique d\u2019El Jem \u2013 depuis 2018 \u2013 a tenu avec la direction du Festival, une conf\u00e9rence de presse, le 21 juin 2024, \u00e0 l\u2019h\u00f4tel Concorde\r\n                      sis aux berges du Lac. Durant cette conf\u00e9rence, la programmation et les grandes lignes de la 37\u00e8me \u00e9dition ont \u00e9t\u00e9 d\u00e9voil\u00e9es aux nombreux m\u00e9dias qui y \u00e9taient pr\u00e9sents. C\u2019\u00e9tait l\u2019occasion, \u00e9galement, de passer en revue le partenariat\r\n                      qui unit le Festival avec son m\u00e9c\u00e8ne principal, La Fondation Arts &amp; Culture by UIB. La 37\u00e8me \u00e9dition, baptis\u00e9e \u00ab Les Nocturnes El jem \u00bb se d\u00e9roulera du 13 juillet au 17 ao\u00fbt 2024.<\/p>\r\n                    \r\n                  <\/div>\r\n                <\/div>\r\n              <\/div>\r\n            <\/div>\r\n          <\/div>\r\n        <\/div>\r\n      <\/div>\r\n    <\/div>\r\n  <\/div>\r\n<\/div>","protected":false},"excerpt":{"rendered":"<p>La Fondation Arts &amp; Culture by UIB, m\u00e9c\u00e8ne principal du Festival International de Musique Symphonique d\u2019El Jem \u2013 depuis 2018 \u2013 a tenu avec la direction du Festival, une conf\u00e9rence [&hellip;]<\/p>\n","protected":false},"author":1,"featured_media":849,"parent":0,"menu_order":0,"comment_status":"closed","ping_status":"closed","template":"page-templates\/full-width-page.php","meta":{"_price":"","_stock":"","_tribe_ticket_header":"","_tribe_default_ticket_provider":"","_ticket_start_date":"","_ticket_end_date":"","_tribe_ticket_show_description":"","_tribe_ticket_show_not_going":false,"_tribe_ticket_use_global_stock":"","_tribe_ticket_global_stock_level":"","_global_stock_mode":"","_global_stock_cap":"","_tribe_rsvp_for_event":"","_tribe_ticket_going_count":"","_tribe_ticket_not_going_count":"","_tribe_tickets_list":"[]","_tribe_ticket_has_attendee_info_fields":false,"footnotes":"","_tec_slr_enabled":"","_tec_slr_layout":""},"class_list":["post-192","page","type-page","status-publish","has-post-thumbnail","hentry"],"ticketed":false,"_links":{"self":[{"href":"https:\/\/festivaleljem.tn\/index.php\/wp-json\/wp\/v2\/pages\/192","targetHints":{"allow":["GET"]}}],"collection":[{"href":"https:\/\/festivaleljem.tn\/index.php\/wp-json\/wp\/v2\/pages"}],"about":[{"href":"https:\/\/festivaleljem.tn\/index.php\/wp-json\/wp\/v2\/types\/page"}],"author":[{"embeddable":true,"href":"https:\/\/festivaleljem.tn\/index.php\/wp-json\/wp\/v2\/users\/1"}],"replies":[{"embeddable":true,"href":"https:\/\/festivaleljem.tn\/index.php\/wp-json\/wp\/v2\/comments?post=192"}],"version-history":[{"count":8,"href":"https:\/\/festivaleljem.tn\/index.php\/wp-json\/wp\/v2\/pages\/192\/revisions"}],"predecessor-version":[{"id":941,"href":"https:\/\/festivaleljem.tn\/index.php\/wp-json\/wp\/v2\/pages\/192\/revisions\/941"}],"wp:featuredmedia":[{"embeddable":true,"href":"https:\/\/festivaleljem.tn\/index.php\/wp-json\/wp\/v2\/media\/849"}],"wp:attachment":[{"href":"https:\/\/festivaleljem.tn\/index.php\/wp-json\/wp\/v2\/media?parent=192"}],"curies":[{"name":"wp","href":"https:\/\/api.w.org\/{rel}","templated":true}]}}