{"id":190,"date":"2024-06-24T15:06:53","date_gmt":"2024-06-24T13:06:53","guid":{"rendered":"http:\/\/festivaleljem.tn\/?page_id=190"},"modified":"2024-06-24T15:06:53","modified_gmt":"2024-06-24T13:06:53","slug":"lassociation","status":"publish","type":"page","link":"https:\/\/festivaleljem.tn\/index.php\/lassociation\/","title":{"rendered":"L\u2019Association"},"content":{"rendered":"\n<p>L\u2019Association Festival international de Musique symphonique d\u2019ELJEM<\/p>\n\n\n\n<p>Cr\u00e9\u00e9e \u00e0 Eljem le 2 mars 2015 et enregistr\u00e9e sous le l\u2019identifiant&nbsp;: 2015S00703APSF1 (JORT n\u00b0 43 du 9 avril 2015, page 2273), conform\u00e9ment aux dispositions du d\u00e9cret n\u00b088 du 24 septembre 2011,&nbsp; &nbsp;<strong>L\u2019Association Festival international de Musique symphonique d\u2019ELJEM&nbsp;<\/strong>est une Association \u00e0 but non lucratif qui s\u2019est fix\u00e9e pour mission de garantir au public tunisien et aux touristes nombreux dans la r\u00e9gion, une animation culturelle et artistique d\u2019un niveau \u00e9minemment professionnel, digne du lieu o\u00f9 se d\u00e9roule le festival&nbsp;: l\u2019amphith\u00e9\u00e2tre romain class\u00e9 patrimoine mondial par l\u2019UNESCO depuis 1979.<\/p>\n\n\n\n<p><strong>L\u2019Association Festival international de Musique symphonique d\u2019ELJEM&nbsp;<\/strong>&nbsp;concr\u00e9tise cette noble mission notamment dans le prestigieux festival \u00ab<strong>&nbsp;Festival international de Musique symphonique<\/strong>\u00bb programm\u00e9 chaque ann\u00e9e au mois de juillet et d\u2019ao\u00fbt : une rencontre internationale th\u00e9matique qui fait d\u00e9couvrir au grand public, dans le divertissement, des expressions artistiques de haut niveau.<\/p>\n\n\n\n<p>Cette mission sera illustr\u00e9e, par ailleurs, dans les diverses manifestations qui seront organis\u00e9es dans le cadre de l\u2019extension des activit\u00e9s de l\u2019Association, telles que les master-class, Colloques pluridisciplinaires, Expositions, Concerts\u2026 et toutes formes d\u2019activit\u00e9s culturelles et artistiques des citoyens en vue de leur ancrage dans les valeurs fondamentales de la politique de d\u00e9veloppement local.<\/p>\n","protected":false},"excerpt":{"rendered":"<p>L\u2019Association Festival international de Musique symphonique d\u2019ELJEM Cr\u00e9\u00e9e \u00e0 Eljem le 2 mars 2015 et enregistr\u00e9e sous le l\u2019identifiant&nbsp;: 2015S00703APSF1 (JORT n\u00b0 43 du 9 avril 2015, page 2273), conform\u00e9ment [&hellip;]<\/p>\n","protected":false},"author":1,"featured_media":0,"parent":0,"menu_order":0,"comment_status":"closed","ping_status":"closed","template":"","meta":{"_price":"","_stock":"","_tribe_ticket_header":"","_tribe_default_ticket_provider":"","_ticket_start_date":"","_ticket_end_date":"","_tribe_ticket_show_description":"","_tribe_ticket_show_not_going":false,"_tribe_ticket_use_global_stock":"","_tribe_ticket_global_stock_level":"","_global_stock_mode":"","_global_stock_cap":"","_tribe_rsvp_for_event":"","_tribe_ticket_going_count":"","_tribe_ticket_not_going_count":"","_tribe_tickets_list":"[]","_tribe_ticket_has_attendee_info_fields":false,"footnotes":"","_tec_slr_enabled":"","_tec_slr_layout":""},"class_list":["post-190","page","type-page","status-publish","hentry"],"ticketed":false,"_links":{"self":[{"href":"https:\/\/festivaleljem.tn\/index.php\/wp-json\/wp\/v2\/pages\/190","targetHints":{"allow":["GET"]}}],"collection":[{"href":"https:\/\/festivaleljem.tn\/index.php\/wp-json\/wp\/v2\/pages"}],"about":[{"href":"https:\/\/festivaleljem.tn\/index.php\/wp-json\/wp\/v2\/types\/page"}],"author":[{"embeddable":true,"href":"https:\/\/festivaleljem.tn\/index.php\/wp-json\/wp\/v2\/users\/1"}],"replies":[{"embeddable":true,"href":"https:\/\/festivaleljem.tn\/index.php\/wp-json\/wp\/v2\/comments?post=190"}],"version-history":[{"count":0,"href":"https:\/\/festivaleljem.tn\/index.php\/wp-json\/wp\/v2\/pages\/190\/revisions"}],"wp:attachment":[{"href":"https:\/\/festivaleljem.tn\/index.php\/wp-json\/wp\/v2\/media?parent=190"}],"curies":[{"name":"wp","href":"https:\/\/api.w.org\/{rel}","templated":true}]}}